{"id":567,"date":"2026-05-09T13:45:32","date_gmt":"2026-05-09T11:45:32","guid":{"rendered":"https:\/\/droitaubouchon.com\/?post_type=product&#038;p=567"},"modified":"2026-05-09T13:52:45","modified_gmt":"2026-05-09T11:52:45","slug":"domaine-normand-aoc-macon-la-roche-vineuse-blanc-2024","status":"publish","type":"product","link":"https:\/\/droitaubouchon.com\/index.php\/produit\/domaine-normand-aoc-macon-la-roche-vineuse-blanc-2024\/","title":{"rendered":"Domaine NORMAND \u2013 AOC M\u00e2con la Roche Vineuse \u2013 Blanc &#8211; 2024"},"content":{"rendered":"<h2><strong style=\"font-size: 16px;\">Description<\/strong><\/h2>\n<div class=\"vc_row wpb_row vc_row-fluid\">\n<div class=\"wpb_column vc_column_container vc_col-sm-12\">\n<div class=\"vc_column-inner\">\n<div class=\"wpb_wrapper\">\n<div class=\"wpb_text_column wpb_content_element \">\n<div class=\"wpb_wrapper\">\n<p>Type de vins : Blanc<br \/>\nC\u00e9page : Chardonnay<br \/>\nGamme : D\u00e9couverte<\/p>\n<p><strong>Sp\u00e9cificit\u00e9s<\/strong><br \/>\nPas de d\u00e9sherbants antigerminatifs, traitements raisonn\u00e9s.<\/p>\n<p><strong>Situation<\/strong><br \/>\nCommune : La Roche Vineuse<br \/>\nExposition : Sud -Est<br \/>\nType de sol : argilo-calcaire<\/p>\n<p><strong>Vinification<\/strong><br \/>\nFermentation longue en levures indig\u00e8nes, travail sur lies en cuve.<\/p>\n<p><strong>Accord Mets &amp; Vins<\/strong><br \/>\nA l\u2019ap\u00e9ritif ou sur les salades, les antipastis froids.<\/p>\n<p><strong>M\u00e9daille\u00a0<\/strong><br \/>\nM\u00e9daill\u00e9 d&rsquo;ARGENT au concours agricole de Paris<\/p>\n<\/div>\n<\/div>\n<\/div>\n<\/div>\n<\/div>\n<\/div>\n","protected":false},"excerpt":{"rendered":"<p>Description Type de vins : Blanc C\u00e9page : Chardonnay Gamme : D\u00e9couverte Sp\u00e9cificit\u00e9s Pas de d\u00e9sherbants antigerminatifs, traitements raisonn\u00e9s. Situation Commune : La Roche Vineuse Exposition : Sud -Est Type de sol : argilo-calcaire Vinification Fermentation longue en levures indig\u00e8nes, travail sur lies en cuve. Accord Mets &amp; Vins A l\u2019ap\u00e9ritif ou sur les salades, [&hellip;]<\/p>\n","protected":false},"featured_media":570,"comment_status":"open","ping_status":"closed","template":"","meta":[],"product_brand":[],"product_cat":[15],"product_tag":[],"class_list":{"0":"post-567","1":"product","2":"type-product","3":"status-publish","4":"has-post-thumbnail","6":"product_cat-non-classe","8":"first","9":"instock","10":"shipping-taxable","11":"purchasable","12":"product-type-simple"},"_links":{"self":[{"href":"https:\/\/droitaubouchon.com\/index.php\/wp-json\/wp\/v2\/product\/567","targetHints":{"allow":["GET"]}}],"collection":[{"href":"https:\/\/droitaubouchon.com\/index.php\/wp-json\/wp\/v2\/product"}],"about":[{"href":"https:\/\/droitaubouchon.com\/index.php\/wp-json\/wp\/v2\/types\/product"}],"replies":[{"embeddable":true,"href":"https:\/\/droitaubouchon.com\/index.php\/wp-json\/wp\/v2\/comments?post=567"}],"wp:featuredmedia":[{"embeddable":true,"href":"https:\/\/droitaubouchon.com\/index.php\/wp-json\/wp\/v2\/media\/570"}],"wp:attachment":[{"href":"https:\/\/droitaubouchon.com\/index.php\/wp-json\/wp\/v2\/media?parent=567"}],"wp:term":[{"taxonomy":"product_brand","embeddable":true,"href":"https:\/\/droitaubouchon.com\/index.php\/wp-json\/wp\/v2\/product_brand?post=567"},{"taxonomy":"product_cat","embeddable":true,"href":"https:\/\/droitaubouchon.com\/index.php\/wp-json\/wp\/v2\/product_cat?post=567"},{"taxonomy":"product_tag","embeddable":true,"href":"https:\/\/droitaubouchon.com\/index.php\/wp-json\/wp\/v2\/product_tag?post=567"}],"curies":[{"name":"wp","href":"https:\/\/api.w.org\/{rel}","templated":true}]}}