{"id":565,"date":"2026-05-09T13:40:47","date_gmt":"2026-05-09T11:40:47","guid":{"rendered":"https:\/\/droitaubouchon.com\/?post_type=product&#038;p=565"},"modified":"2026-05-09T13:40:47","modified_gmt":"2026-05-09T11:40:47","slug":"domaine-pillot-aoc-mercurey-rouge-2023","status":"publish","type":"product","link":"https:\/\/droitaubouchon.com\/index.php\/produit\/domaine-pillot-aoc-mercurey-rouge-2023\/","title":{"rendered":"Domaine PILLOT \u2013 AOC Mercurey &#8211; ROUGE \u2013 2023"},"content":{"rendered":"<p><b>Couleur :<\/b>\u00a0Rouge<br \/>\n<b>C\u00e9page :<\/b>\u00a0Pinot Noir<br \/>\n<b>Surface :<\/b>\u00a042 ares<br \/>\n<b>Production moyenne de bouteilles :<\/b>\u00a03300<br \/>\n<b>Exposition :<\/b>\u00a0Sud Est<br \/>\n<b>Ann\u00e9e de plantation :<\/b>\u00a01951 et 1952<br \/>\n<b>Mode de taille :<\/b>\u00a0Guyot Simple<br \/>\n<b>Nature du sol :<\/b>\u00a0sol peu \u00e9pais argileux et caillouteux<br \/>\n<b>R\u00e9colte :<\/b>\u00a0Manuelle<br \/>\n<b>Elevage :<\/b>\u00a012 mois en f\u00fbt<br \/>\n<b>Garde :<\/b>\u00a07\/8 ans<br \/>\n<b>Caract\u00e9ristiques du vin :\u00a0<\/b>situ\u00e9 sur la commune de Saint-Martin-sous-Montaigu dans le prolongement des premiers crus, ce vin nous offre une couleur profonde teint\u00e9e d\u2019un rouge rubis. Son nez \u00e9voque la fraise ou encore la cerise. En bouche, nous avons un vin entier, riche, fruit\u00e9 et rond.<\/p>\n<p><b>Accords mets et vins :<\/b>\u00a0A d\u00e9guster avec un b\u0153uf bourguignon, une c\u00f4te de b\u0153uf grill\u00e9e ou plat \u00e0 base de gibier.<\/p>\n","protected":false},"excerpt":{"rendered":"<p>Couleur :\u00a0Rouge C\u00e9page :\u00a0Pinot Noir Surface :\u00a042 ares Production moyenne de bouteilles :\u00a03300 Exposition :\u00a0Sud Est Ann\u00e9e de plantation :\u00a01951 et 1952 Mode de taille :\u00a0Guyot Simple Nature du sol :\u00a0sol peu \u00e9pais argileux et caillouteux R\u00e9colte :\u00a0Manuelle Elevage :\u00a012 mois en f\u00fbt Garde :\u00a07\/8 ans Caract\u00e9ristiques du vin :\u00a0situ\u00e9 sur la commune de Saint-Martin-sous-Montaigu [&hellip;]<\/p>\n","protected":false},"featured_media":566,"comment_status":"open","ping_status":"closed","template":"","meta":[],"product_brand":[],"product_cat":[15],"product_tag":[],"class_list":{"0":"post-565","1":"product","2":"type-product","3":"status-publish","4":"has-post-thumbnail","6":"product_cat-non-classe","8":"first","9":"instock","10":"shipping-taxable","11":"purchasable","12":"product-type-simple"},"_links":{"self":[{"href":"https:\/\/droitaubouchon.com\/index.php\/wp-json\/wp\/v2\/product\/565","targetHints":{"allow":["GET"]}}],"collection":[{"href":"https:\/\/droitaubouchon.com\/index.php\/wp-json\/wp\/v2\/product"}],"about":[{"href":"https:\/\/droitaubouchon.com\/index.php\/wp-json\/wp\/v2\/types\/product"}],"replies":[{"embeddable":true,"href":"https:\/\/droitaubouchon.com\/index.php\/wp-json\/wp\/v2\/comments?post=565"}],"wp:featuredmedia":[{"embeddable":true,"href":"https:\/\/droitaubouchon.com\/index.php\/wp-json\/wp\/v2\/media\/566"}],"wp:attachment":[{"href":"https:\/\/droitaubouchon.com\/index.php\/wp-json\/wp\/v2\/media?parent=565"}],"wp:term":[{"taxonomy":"product_brand","embeddable":true,"href":"https:\/\/droitaubouchon.com\/index.php\/wp-json\/wp\/v2\/product_brand?post=565"},{"taxonomy":"product_cat","embeddable":true,"href":"https:\/\/droitaubouchon.com\/index.php\/wp-json\/wp\/v2\/product_cat?post=565"},{"taxonomy":"product_tag","embeddable":true,"href":"https:\/\/droitaubouchon.com\/index.php\/wp-json\/wp\/v2\/product_tag?post=565"}],"curies":[{"name":"wp","href":"https:\/\/api.w.org\/{rel}","templated":true}]}}