{"id":563,"date":"2026-05-09T13:39:34","date_gmt":"2026-05-09T11:39:34","guid":{"rendered":"https:\/\/droitaubouchon.com\/?post_type=product&#038;p=563"},"modified":"2026-05-09T13:39:34","modified_gmt":"2026-05-09T11:39:34","slug":"domaine-pillot-coteaux-bourguignons-rouge-2024","status":"publish","type":"product","link":"https:\/\/droitaubouchon.com\/index.php\/produit\/domaine-pillot-coteaux-bourguignons-rouge-2024\/","title":{"rendered":"Domaine PILLOT \u2013 Coteaux Bourguignons &#8211; ROUGE \u2013 2024"},"content":{"rendered":"<p><b>Commune :<\/b>\u00a0Mellecey et Saint Martin sous Montaigu<br \/>\n<b>Appellation :<\/b>\u00a0R\u00e9gionale<br \/>\n<b>Couleur :<\/b>\u00a0Rouge<br \/>\n<b>C\u00e9page :<\/b>\u00a0Pinot Noir et Gamay<br \/>\n<b>Surface :<\/b>\u00a055 ares<br \/>\n<b>Production moyenne de bouteilles :<\/b>\u00a05300<br \/>\n<b>Ann\u00e9e de plantation :<\/b>\u00a01974 et 1982<br \/>\n<b>Mode de taille :<\/b>\u00a0Guyot Simple<br \/>\n<b>Nature du sol :<\/b>\u00a0Sablonneux et filtrant<br \/>\n<b>R\u00e9colte :<\/b>\u00a0Manuelle<br \/>\n<b>Elevage :<\/b>\u00a08 mois en cuve<br \/>\n<b>Garde :<\/b>\u00a03\/4 ans<br \/>\n<b>Caract\u00e9ristiques du vin :<\/b>\u00a0Issu d\u2019un assemblage compos\u00e9 de Pinot Noir et Gamay, ce vin dispose d\u2019une robe pourpre aux reflets violac\u00e9s. On nez, on peut retrouver des notes de fruits rouges et noirs. La bouche est souple et fruit\u00e9e avec du corps et une finesse dans la structure.<br \/>\n<b>Accords mets et vins :<\/b>\u00a0A d\u00e9guster sur un ap\u00e9ritif ou une entr\u00e9e, terrine, rillettes, \u0153ufs poch\u00e9s<\/p>\n","protected":false},"excerpt":{"rendered":"<p>Commune :\u00a0Mellecey et Saint Martin sous Montaigu Appellation :\u00a0R\u00e9gionale Couleur :\u00a0Rouge C\u00e9page :\u00a0Pinot Noir et Gamay Surface :\u00a055 ares Production moyenne de bouteilles :\u00a05300 Ann\u00e9e de plantation :\u00a01974 et 1982 Mode de taille :\u00a0Guyot Simple Nature du sol :\u00a0Sablonneux et filtrant R\u00e9colte :\u00a0Manuelle Elevage :\u00a08 mois en cuve Garde :\u00a03\/4 ans Caract\u00e9ristiques du vin :\u00a0Issu [&hellip;]<\/p>\n","protected":false},"featured_media":564,"comment_status":"open","ping_status":"closed","template":"","meta":[],"product_brand":[],"product_cat":[15],"product_tag":[],"class_list":{"0":"post-563","1":"product","2":"type-product","3":"status-publish","4":"has-post-thumbnail","6":"product_cat-non-classe","8":"first","9":"instock","10":"shipping-taxable","11":"purchasable","12":"product-type-simple"},"_links":{"self":[{"href":"https:\/\/droitaubouchon.com\/index.php\/wp-json\/wp\/v2\/product\/563","targetHints":{"allow":["GET"]}}],"collection":[{"href":"https:\/\/droitaubouchon.com\/index.php\/wp-json\/wp\/v2\/product"}],"about":[{"href":"https:\/\/droitaubouchon.com\/index.php\/wp-json\/wp\/v2\/types\/product"}],"replies":[{"embeddable":true,"href":"https:\/\/droitaubouchon.com\/index.php\/wp-json\/wp\/v2\/comments?post=563"}],"wp:featuredmedia":[{"embeddable":true,"href":"https:\/\/droitaubouchon.com\/index.php\/wp-json\/wp\/v2\/media\/564"}],"wp:attachment":[{"href":"https:\/\/droitaubouchon.com\/index.php\/wp-json\/wp\/v2\/media?parent=563"}],"wp:term":[{"taxonomy":"product_brand","embeddable":true,"href":"https:\/\/droitaubouchon.com\/index.php\/wp-json\/wp\/v2\/product_brand?post=563"},{"taxonomy":"product_cat","embeddable":true,"href":"https:\/\/droitaubouchon.com\/index.php\/wp-json\/wp\/v2\/product_cat?post=563"},{"taxonomy":"product_tag","embeddable":true,"href":"https:\/\/droitaubouchon.com\/index.php\/wp-json\/wp\/v2\/product_tag?post=563"}],"curies":[{"name":"wp","href":"https:\/\/api.w.org\/{rel}","templated":true}]}}